{"id":119,"date":"2025-10-22T15:19:51","date_gmt":"2025-10-22T15:19:51","guid":{"rendered":"https:\/\/mmongin.greenshelf.net\/?page_id=119"},"modified":"2026-01-09T22:42:09","modified_gmt":"2026-01-09T22:42:09","slug":"lapplication-et-ses-fonctionnalites","status":"publish","type":"page","link":"https:\/\/mmongin.greenshelf.net\/index.php\/lapplication-et-ses-fonctionnalites\/","title":{"rendered":"L&rsquo;application"},"content":{"rendered":"\t\t<div data-elementor-type=\"wp-page\" data-elementor-id=\"119\" class=\"elementor elementor-119\">\n\t\t\t\t<div class=\"elementor-element elementor-element-763cce2 e-flex e-con-boxed e-con e-parent\" data-id=\"763cce2\" data-element_type=\"container\">\n\t\t\t\t\t<div class=\"e-con-inner\">\n\t\t\t\t<div class=\"elementor-element elementor-element-4946870 elementor-widget elementor-widget-html\" data-id=\"4946870\" data-element_type=\"widget\" data-widget_type=\"html.default\">\n\t\t\t\t\t<!DOCTYPE html>\r\n<html lang=\"fr\">\r\n<head>\r\n    <meta charset=\"UTF-8\">\r\n    <meta name=\"viewport\" content=\"width=device-width, initial-scale=1.0\">\r\n    <title>Greenshelf<\/title>\r\n    <link rel=\"stylesheet\" href=\"https:\/\/cdnjs.cloudflare.com\/ajax\/libs\/font-awesome\/7.0.1\/css\/all.min.css\" integrity=\"sha512-2SwdPD6INVrV\/lHTZbO2nodKhrnDdJK9\/kg2XD1r9uGqPo1cUbujc+IYdlYdEErWNu69gVcYgdxlmVmzTWnetw==\" crossorigin=\"anonymous\" referrerpolicy=\"no-referrer\" \/>\r\n    <link rel=\"stylesheet\" href=\"https:\/\/cdnjs.cloudflare.com\/ajax\/libs\/meyer-reset\/2.0\/reset.min.css\" integrity=\"sha512-NmLkDIU1C\/C88wi324HBc+S2kLhi08PN5GDeUVVVC\/BVt\/9Izdsc9SVeVfA1UZbY3sHUlDSyRXhCzHfr6hmPPw==\" crossorigin=\"anonymous\" referrerpolicy=\"no-referrer\" \/>\r\n    <link rel=\"preconnect\" href=\"https:\/\/fonts.googleapis.com\">\r\n    <link rel=\"preconnect\" href=\"https:\/\/fonts.gstatic.com\" crossorigin>\r\n    <link href=\"https:\/\/fonts.googleapis.com\/css2?family=Nunito:ital,wght@0,200..1000;1,200..1000&display=swap\" rel=\"stylesheet\">\r\n    <style>\r\n        * {\r\n            box-sizing: border-box;\r\n        }\r\n\r\n        body {\r\n            margin: 0;\r\n            padding: 0;\r\n        }\r\n\r\n        #site {\r\n            width: 100%;\r\n            height: auto;\r\n            min-width: 320px;\r\n            max-width: 1440px;\r\n            margin: auto;\r\n            background-color: transparent;\r\n            display: flex;\r\n            flex-direction: column;\r\n            min-height: 100vh;\r\n        }\r\n\r\n        .header {\r\n            width: 100%;\r\n            height: auto;\r\n            display: flex;\r\n            flex-direction: column;\r\n            align-items: center;\r\n            justify-content: space-between;\r\n        }\r\n\r\n        .logo {\r\n            width: 150px;\r\n        }\r\n\r\n        .Titre {\r\n            font-family: \"Nunito\", sans-serif;\r\n            font-optical-sizing: auto;\r\n            font-size: 3rem;\r\n            font-weight: 700;\r\n            font-style: normal;\r\n            color: #245910;\r\n            margin-top: 30px;\r\n            margin-bottom: 50px;\r\n            text-align: center;\r\n        }\r\n\r\n        .Principal {\r\n            display: flex;\r\n            align-items: flex-start;\r\n            justify-content: space-between;\r\n            gap: 50px;\r\n            padding: 0 80px;\r\n            flex: 1;\r\n            max-width: 1200px;\r\n            margin: 0 auto;\r\n        }\r\n\r\n        .description {\r\n            height: auto;\r\n            width: 45%;\r\n            max-width: 450px;\r\n            flex-shrink: 0;\r\n        }\r\n\r\n        .contenu {\r\n            width: 50%;\r\n            display: flex;\r\n            flex-direction: column;\r\n            flex-shrink: 0;\r\n        }\r\n\r\n        .nunito-body {\r\n            font-family: \"Nunito\", sans-serif;\r\n            font-optical-sizing: auto;\r\n            font-weight: 400;\r\n            font-style: normal;\r\n            text-align: left;\r\n            margin-bottom: 30px;\r\n            line-height: 1.6;\r\n            font-size: 1rem;\r\n        }\r\n\r\n        .bouton {\r\n            padding-top: 10px;\r\n            width: 100%;\r\n            margin-bottom: 15px;\r\n        }\r\n\r\n        .btn-newsletter {\r\n            display: block;\r\n            width: 100%;\r\n            background-color: #E89A17;\r\n            color: white;\r\n            border: none;\r\n            border-radius: 5px;\r\n            padding: 12px;\r\n            text-align: center;\r\n            text-decoration: none;\r\n            font-size: 16px;\r\n            font-family: \"Nunito\", sans-serif;\r\n            font-weight: 600;\r\n            transition: background-color 0.3s ease;\r\n            cursor: pointer;\r\n        }\r\n\r\n        .btn-newsletter:hover {\r\n            background-color: #245910;\r\n        }\r\n\r\n        .app-download {\r\n            display: flex;\r\n            gap: 15px;\r\n            margin-top: 25px;\r\n            align-items: center;\r\n            justify-content: center;\r\n        }\r\n\r\n        .app-download a {\r\n            display: inline-block;\r\n            transition: transform 0.3s ease;\r\n        }\r\n\r\n        .app-download a:hover {\r\n            transform: scale(1.05);\r\n        }\r\n\r\n        .app-download img {\r\n            height: 45px;\r\n            width: auto;\r\n        }\r\n\r\n        .fin {\r\n            width: 100%;\r\n            margin-top: 50px;\r\n        }\r\n\r\n        footer {\r\n            text-align: center;\r\n            padding: 20px;\r\n            font-family: \"Nunito\", sans-serif;\r\n            font-weight: lighter;\r\n            color: #245910;\r\n        }\r\n\r\n        @media (max-width: 1024px) {\r\n            .Principal {\r\n                flex-direction: column;\r\n                gap: 30px;\r\n                padding: 0 50px;\r\n                align-items: center;\r\n            }\r\n\r\n            .description {\r\n                width: 80%;\r\n                max-width: 400px;\r\n            }\r\n\r\n            .contenu {\r\n                width: 100%;\r\n                max-width: 600px;\r\n            }\r\n\r\n            .Titre {\r\n                font-size: 2.5rem;\r\n            }\r\n        }\r\n\r\n        @media (max-width: 768px) {\r\n            .Titre {\r\n                font-size: 2rem;\r\n                margin-bottom: 30px;\r\n            }\r\n\r\n            .description {\r\n                width: 90%;\r\n                max-width: 300px;\r\n            }\r\n\r\n            .Principal {\r\n                padding: 0 20px;\r\n            }\r\n\r\n            .contenu {\r\n                width: 100%;\r\n            }\r\n\r\n            .app-download {\r\n                flex-direction: column;\r\n                gap: 10px;\r\n            }\r\n        }\r\n    <\/style>\r\n<\/head>\r\n<body>\r\n    <div id=\"site\">\r\n        <header class=\"header\">\r\n            <img decoding=\"async\" src=\"http:\/\/mmongin.greenshelf.net\/wp-content\/uploads\/2025\/10\/Group-1-6.png\" alt=\"logo greenshelf\" class=\"logo\">\r\n        <\/header>\r\n        <h1 class=\"Titre\">La solution gagnante pour nous et pour la plan\u00e8te !<\/h1>\r\n        <section class=\"Principal\">\r\n            <img decoding=\"async\" src=\"http:\/\/mmongin.greenshelf.net\/wp-content\/uploads\/2025\/10\/Visuel-landing-page-1.png\" alt=\"Greenshelf, notre meilleur alli\u00e9 anti-gaspi\" class=\"description\">\r\n            <div class=\"contenu\">\r\n                <p class=\"nunito-body\"> Et si Greenshelf devenait ton meilleur alli\u00e9 anti-gaspi ! Scanne votre ticket de caisse, et on s'occupe du reste.\r\nT\u00e9l\u00e9chargez l'app gratuitement et rejoins les milliers d'utilisateurs qui font de l'anti-gaspi un r\u00e9flexe fun  au quotidien.<\/p>\r\n                \r\n                <div class=\"app-download\">\r\n                    <a href=\"https:\/\/www.apple.com\/fr\/store\" target=\"_blank\" rel=\"noopener noreferrer\">\r\n                        <img decoding=\"async\" src=\"https:\/\/upload.wikimedia.org\/wikipedia\/commons\/3\/3c\/Download_on_the_App_Store_Badge.svg\" alt=\"T\u00e9l\u00e9charger sur l'App Store\">\r\n                    <\/a>\r\n                    <a href=\"https:\/\/play.google.com\/store\/apps?&utm_source=emea_Med&utm_medium=hasem&utm_content=Mar2425&utm_campaign=Evergreen&pcampaignid=MKT-EDR-emea-fr-1710138-Med-hasem-ap-Evergreen-Mar2425-Text_Search_BKWS-id_104180_|BRO|ONSEM_kwid_37356869241&gad_source=1&gad_campaignid=22461701218&gclid=Cj0KCQjwmYzIBhC6ARIsAHA3IkRnPumcNPwBJX_RuQo-qoxKs6Uxqv4PncxmKOoIXWuJf45ZzDyqoW0aAjdJEALw_wcB\" target=\"_blank\" rel=\"noopener noreferrer\">\r\n                        <img decoding=\"async\" src=\"https:\/\/upload.wikimedia.org\/wikipedia\/commons\/7\/78\/Google_Play_Store_badge_EN.svg\" alt=\"Disponible sur Google Play\">\r\n                    <\/a>\r\n                <\/div>\r\n            <\/div>\r\n        <\/section>\r\n        <div class=\"fin\">\r\n            <footer>\r\n                <small>Copyright \u00a9 2025 Greenshelf.com. Tous droits r\u00e9serv\u00e9s.<\/small>\r\n            <\/footer>\r\n        <\/div>\r\n    <\/div>\r\n<\/body>\r\n<\/html>\t\t\t\t<\/div>\n\t\t\t\t\t<\/div>\n\t\t\t\t<\/div>\n\t\t<div class=\"elementor-element elementor-element-9a28ea9 e-flex e-con-boxed e-con e-parent\" data-id=\"9a28ea9\" data-element_type=\"container\">\n\t\t\t\t\t<div class=\"e-con-inner\">\n\t\t\t\t<div class=\"elementor-element elementor-element-ee375e4 elementor-align-center elementor-widget elementor-widget-button\" data-id=\"ee375e4\" data-element_type=\"widget\" data-widget_type=\"button.default\">\n\t\t\t\t\t\t\t\t\t\t<a class=\"elementor-button elementor-button-link elementor-size-sm\" href=\"https:\/\/mmongin.greenshelf.net\/\">\n\t\t\t\t\t\t<span class=\"elementor-button-content-wrapper\">\n\t\t\t\t\t\t\t\t\t<span class=\"elementor-button-text\">Retour \u00e0 la page d'accueil<\/span>\n\t\t\t\t\t<\/span>\n\t\t\t\t\t<\/a>\n\t\t\t\t\t\t\t\t<\/div>\n\t\t\t\t\t<\/div>\n\t\t\t\t<\/div>\n\t\t\t\t<\/div>\n\t\t","protected":false},"excerpt":{"rendered":"<p>Greenshelf La solution gagnante pour nous et pour la plan\u00e8te ! Et si Greenshelf devenait ton meilleur alli\u00e9 anti-gaspi ! Scanne votre ticket de caisse, et on s&rsquo;occupe du reste. T\u00e9l\u00e9chargez l&rsquo;app gratuitement et rejoins les milliers d&rsquo;utilisateurs qui font de l&rsquo;anti-gaspi un r\u00e9flexe fun au quotidien. Copyright \u00a9 2025 Greenshelf.com. Tous droits r\u00e9serv\u00e9s. Retour [&hellip;]<\/p>\n","protected":false},"author":1,"featured_media":991,"parent":0,"menu_order":0,"comment_status":"closed","ping_status":"closed","template":"elementor_canvas","meta":{"_seopress_robots_primary_cat":"","_seopress_titles_title":"","_seopress_titles_desc":"","_seopress_robots_index":"","footnotes":""},"class_list":["post-119","page","type-page","status-publish","has-post-thumbnail","hentry"],"yoast_head":"<!-- This site is optimized with the Yoast SEO plugin v26.7 - https:\/\/yoast.com\/wordpress\/plugins\/seo\/ -->\n<title>Page vitrine de l&#039;application Greenshelf et fonctionnalit\u00e9s<\/title>\n<meta name=\"description\" content=\"Comment \u00e7a marche ? D\u00e9couvrez les fonctionnalit\u00e9s principales de Greenshelf sur la page vitrine de l&#039;application\" \/>\n<meta name=\"robots\" content=\"index, follow, max-snippet:-1, max-image-preview:large, max-video-preview:-1\" \/>\n<link rel=\"canonical\" href=\"https:\/\/mmongin.greenshelf.net\/index.php\/lapplication-et-ses-fonctionnalites\/\" \/>\n<meta property=\"og:locale\" content=\"fr_FR\" \/>\n<meta property=\"og:type\" content=\"article\" \/>\n<meta property=\"og:title\" content=\"Page vitrine de l&#039;application Greenshelf et fonctionnalit\u00e9s\" \/>\n<meta property=\"og:description\" content=\"Comment \u00e7a marche ? D\u00e9couvrez les fonctionnalit\u00e9s principales de Greenshelf sur la page vitrine de l&#039;application\" \/>\n<meta property=\"og:url\" content=\"https:\/\/mmongin.greenshelf.net\/index.php\/lapplication-et-ses-fonctionnalites\/\" \/>\n<meta property=\"og:site_name\" content=\"Greenshelf\" \/>\n<meta property=\"article:modified_time\" content=\"2026-01-09T22:42:09+00:00\" \/>\n<meta name=\"twitter:card\" content=\"summary_large_image\" \/>\n<meta name=\"twitter:label1\" content=\"Dur\u00e9e de lecture estim\u00e9e\" \/>\n\t<meta name=\"twitter:data1\" content=\"2 minutes\" \/>\n<script type=\"application\/ld+json\" class=\"yoast-schema-graph\">{\"@context\":\"https:\/\/schema.org\",\"@graph\":[{\"@type\":\"WebPage\",\"@id\":\"https:\/\/mmongin.greenshelf.net\/index.php\/lapplication-et-ses-fonctionnalites\/\",\"url\":\"https:\/\/mmongin.greenshelf.net\/index.php\/lapplication-et-ses-fonctionnalites\/\",\"name\":\"Page vitrine de l'application Greenshelf et fonctionnalit\u00e9s\",\"isPartOf\":{\"@id\":\"https:\/\/mmongin.greenshelf.net\/#website\"},\"primaryImageOfPage\":{\"@id\":\"https:\/\/mmongin.greenshelf.net\/index.php\/lapplication-et-ses-fonctionnalites\/#primaryimage\"},\"image\":{\"@id\":\"https:\/\/mmongin.greenshelf.net\/index.php\/lapplication-et-ses-fonctionnalites\/#primaryimage\"},\"thumbnailUrl\":\"https:\/\/mmongin.greenshelf.net\/wp-content\/uploads\/2025\/10\/Group-1-5-1.svg\",\"datePublished\":\"2025-10-22T15:19:51+00:00\",\"dateModified\":\"2026-01-09T22:42:09+00:00\",\"description\":\"Comment \u00e7a marche ? D\u00e9couvrez les fonctionnalit\u00e9s principales de Greenshelf sur la page vitrine de l'application\",\"breadcrumb\":{\"@id\":\"https:\/\/mmongin.greenshelf.net\/index.php\/lapplication-et-ses-fonctionnalites\/#breadcrumb\"},\"inLanguage\":\"fr-FR\",\"potentialAction\":[{\"@type\":\"ReadAction\",\"target\":[\"https:\/\/mmongin.greenshelf.net\/index.php\/lapplication-et-ses-fonctionnalites\/\"]}]},{\"@type\":\"ImageObject\",\"inLanguage\":\"fr-FR\",\"@id\":\"https:\/\/mmongin.greenshelf.net\/index.php\/lapplication-et-ses-fonctionnalites\/#primaryimage\",\"url\":\"https:\/\/mmongin.greenshelf.net\/wp-content\/uploads\/2025\/10\/Group-1-5-1.svg\",\"contentUrl\":\"https:\/\/mmongin.greenshelf.net\/wp-content\/uploads\/2025\/10\/Group-1-5-1.svg\",\"width\":306,\"height\":323,\"caption\":\"Image pour la page d\u00e9di\u00e9e \u00e0 l'application\"},{\"@type\":\"BreadcrumbList\",\"@id\":\"https:\/\/mmongin.greenshelf.net\/index.php\/lapplication-et-ses-fonctionnalites\/#breadcrumb\",\"itemListElement\":[{\"@type\":\"ListItem\",\"position\":1,\"name\":\"Accueil\",\"item\":\"https:\/\/mmongin.greenshelf.net\/\"},{\"@type\":\"ListItem\",\"position\":2,\"name\":\"L&rsquo;application\"}]},{\"@type\":\"WebSite\",\"@id\":\"https:\/\/mmongin.greenshelf.net\/#website\",\"url\":\"https:\/\/mmongin.greenshelf.net\/\",\"name\":\"Greenshelf\",\"description\":\"Deviens un anti-gaspi du Turfu !\",\"publisher\":{\"@id\":\"https:\/\/mmongin.greenshelf.net\/#organization\"},\"potentialAction\":[{\"@type\":\"SearchAction\",\"target\":{\"@type\":\"EntryPoint\",\"urlTemplate\":\"https:\/\/mmongin.greenshelf.net\/?s={search_term_string}\"},\"query-input\":{\"@type\":\"PropertyValueSpecification\",\"valueRequired\":true,\"valueName\":\"search_term_string\"}}],\"inLanguage\":\"fr-FR\"},{\"@type\":\"Organization\",\"@id\":\"https:\/\/mmongin.greenshelf.net\/#organization\",\"name\":\"Greenshelf\",\"url\":\"https:\/\/mmongin.greenshelf.net\/\",\"logo\":{\"@type\":\"ImageObject\",\"inLanguage\":\"fr-FR\",\"@id\":\"https:\/\/mmongin.greenshelf.net\/#\/schema\/logo\/image\/\",\"url\":\"https:\/\/mmongin.greenshelf.net\/wp-content\/uploads\/2025\/09\/cropped-Group-1-3.png\",\"contentUrl\":\"https:\/\/mmongin.greenshelf.net\/wp-content\/uploads\/2025\/09\/cropped-Group-1-3.png\",\"width\":306,\"height\":323,\"caption\":\"Greenshelf\"},\"image\":{\"@id\":\"https:\/\/mmongin.greenshelf.net\/#\/schema\/logo\/image\/\"}}]}<\/script>\n<!-- \/ Yoast SEO plugin. -->","yoast_head_json":{"title":"Page vitrine de l'application Greenshelf et fonctionnalit\u00e9s","description":"Comment \u00e7a marche ? D\u00e9couvrez les fonctionnalit\u00e9s principales de Greenshelf sur la page vitrine de l'application","robots":{"index":"index","follow":"follow","max-snippet":"max-snippet:-1","max-image-preview":"max-image-preview:large","max-video-preview":"max-video-preview:-1"},"canonical":"https:\/\/mmongin.greenshelf.net\/index.php\/lapplication-et-ses-fonctionnalites\/","og_locale":"fr_FR","og_type":"article","og_title":"Page vitrine de l'application Greenshelf et fonctionnalit\u00e9s","og_description":"Comment \u00e7a marche ? D\u00e9couvrez les fonctionnalit\u00e9s principales de Greenshelf sur la page vitrine de l'application","og_url":"https:\/\/mmongin.greenshelf.net\/index.php\/lapplication-et-ses-fonctionnalites\/","og_site_name":"Greenshelf","article_modified_time":"2026-01-09T22:42:09+00:00","twitter_card":"summary_large_image","twitter_misc":{"Dur\u00e9e de lecture estim\u00e9e":"2 minutes"},"schema":{"@context":"https:\/\/schema.org","@graph":[{"@type":"WebPage","@id":"https:\/\/mmongin.greenshelf.net\/index.php\/lapplication-et-ses-fonctionnalites\/","url":"https:\/\/mmongin.greenshelf.net\/index.php\/lapplication-et-ses-fonctionnalites\/","name":"Page vitrine de l'application Greenshelf et fonctionnalit\u00e9s","isPartOf":{"@id":"https:\/\/mmongin.greenshelf.net\/#website"},"primaryImageOfPage":{"@id":"https:\/\/mmongin.greenshelf.net\/index.php\/lapplication-et-ses-fonctionnalites\/#primaryimage"},"image":{"@id":"https:\/\/mmongin.greenshelf.net\/index.php\/lapplication-et-ses-fonctionnalites\/#primaryimage"},"thumbnailUrl":"https:\/\/mmongin.greenshelf.net\/wp-content\/uploads\/2025\/10\/Group-1-5-1.svg","datePublished":"2025-10-22T15:19:51+00:00","dateModified":"2026-01-09T22:42:09+00:00","description":"Comment \u00e7a marche ? D\u00e9couvrez les fonctionnalit\u00e9s principales de Greenshelf sur la page vitrine de l'application","breadcrumb":{"@id":"https:\/\/mmongin.greenshelf.net\/index.php\/lapplication-et-ses-fonctionnalites\/#breadcrumb"},"inLanguage":"fr-FR","potentialAction":[{"@type":"ReadAction","target":["https:\/\/mmongin.greenshelf.net\/index.php\/lapplication-et-ses-fonctionnalites\/"]}]},{"@type":"ImageObject","inLanguage":"fr-FR","@id":"https:\/\/mmongin.greenshelf.net\/index.php\/lapplication-et-ses-fonctionnalites\/#primaryimage","url":"https:\/\/mmongin.greenshelf.net\/wp-content\/uploads\/2025\/10\/Group-1-5-1.svg","contentUrl":"https:\/\/mmongin.greenshelf.net\/wp-content\/uploads\/2025\/10\/Group-1-5-1.svg","width":306,"height":323,"caption":"Image pour la page d\u00e9di\u00e9e \u00e0 l'application"},{"@type":"BreadcrumbList","@id":"https:\/\/mmongin.greenshelf.net\/index.php\/lapplication-et-ses-fonctionnalites\/#breadcrumb","itemListElement":[{"@type":"ListItem","position":1,"name":"Accueil","item":"https:\/\/mmongin.greenshelf.net\/"},{"@type":"ListItem","position":2,"name":"L&rsquo;application"}]},{"@type":"WebSite","@id":"https:\/\/mmongin.greenshelf.net\/#website","url":"https:\/\/mmongin.greenshelf.net\/","name":"Greenshelf","description":"Deviens un anti-gaspi du Turfu !","publisher":{"@id":"https:\/\/mmongin.greenshelf.net\/#organization"},"potentialAction":[{"@type":"SearchAction","target":{"@type":"EntryPoint","urlTemplate":"https:\/\/mmongin.greenshelf.net\/?s={search_term_string}"},"query-input":{"@type":"PropertyValueSpecification","valueRequired":true,"valueName":"search_term_string"}}],"inLanguage":"fr-FR"},{"@type":"Organization","@id":"https:\/\/mmongin.greenshelf.net\/#organization","name":"Greenshelf","url":"https:\/\/mmongin.greenshelf.net\/","logo":{"@type":"ImageObject","inLanguage":"fr-FR","@id":"https:\/\/mmongin.greenshelf.net\/#\/schema\/logo\/image\/","url":"https:\/\/mmongin.greenshelf.net\/wp-content\/uploads\/2025\/09\/cropped-Group-1-3.png","contentUrl":"https:\/\/mmongin.greenshelf.net\/wp-content\/uploads\/2025\/09\/cropped-Group-1-3.png","width":306,"height":323,"caption":"Greenshelf"},"image":{"@id":"https:\/\/mmongin.greenshelf.net\/#\/schema\/logo\/image\/"}}]}},"_links":{"self":[{"href":"https:\/\/mmongin.greenshelf.net\/index.php\/wp-json\/wp\/v2\/pages\/119","targetHints":{"allow":["GET"]}}],"collection":[{"href":"https:\/\/mmongin.greenshelf.net\/index.php\/wp-json\/wp\/v2\/pages"}],"about":[{"href":"https:\/\/mmongin.greenshelf.net\/index.php\/wp-json\/wp\/v2\/types\/page"}],"author":[{"embeddable":true,"href":"https:\/\/mmongin.greenshelf.net\/index.php\/wp-json\/wp\/v2\/users\/1"}],"replies":[{"embeddable":true,"href":"https:\/\/mmongin.greenshelf.net\/index.php\/wp-json\/wp\/v2\/comments?post=119"}],"version-history":[{"count":74,"href":"https:\/\/mmongin.greenshelf.net\/index.php\/wp-json\/wp\/v2\/pages\/119\/revisions"}],"predecessor-version":[{"id":1210,"href":"https:\/\/mmongin.greenshelf.net\/index.php\/wp-json\/wp\/v2\/pages\/119\/revisions\/1210"}],"wp:featuredmedia":[{"embeddable":true,"href":"https:\/\/mmongin.greenshelf.net\/index.php\/wp-json\/wp\/v2\/media\/991"}],"wp:attachment":[{"href":"https:\/\/mmongin.greenshelf.net\/index.php\/wp-json\/wp\/v2\/media?parent=119"}],"curies":[{"name":"wp","href":"https:\/\/api.w.org\/{rel}","templated":true}]}}