{"id":121,"date":"2025-10-22T15:20:12","date_gmt":"2025-10-22T15:20:12","guid":{"rendered":"https:\/\/mmongin.greenshelf.net\/?page_id=121"},"modified":"2026-01-10T17:20:39","modified_gmt":"2026-01-10T17:20:39","slug":"page-de-contact-nous-contacter","status":"publish","type":"page","link":"https:\/\/mmongin.greenshelf.net\/index.php\/page-de-contact-nous-contacter\/","title":{"rendered":"Nous contacter"},"content":{"rendered":"\t\t<div data-elementor-type=\"wp-page\" data-elementor-id=\"121\" class=\"elementor elementor-121\">\n\t\t\t\t<div class=\"elementor-element elementor-element-54b519a e-grid e-con-full e-con e-parent\" data-id=\"54b519a\" data-element_type=\"container\">\n\t\t\t\t<div class=\"elementor-element elementor-element-f458380 elementor-widget elementor-widget-image\" data-id=\"f458380\" data-element_type=\"widget\" data-widget_type=\"image.default\">\n\t\t\t\t\t\t\t\t\t\t\t\t\t\t\t<img fetchpriority=\"high\" decoding=\"async\" width=\"525\" height=\"787\" src=\"https:\/\/mmongin.greenshelf.net\/wp-content\/uploads\/2025\/09\/15b750893d683534-1-683x1024.png\" class=\"attachment-large size-large wp-image-76\" alt=\"page contact\" srcset=\"https:\/\/mmongin.greenshelf.net\/wp-content\/uploads\/2025\/09\/15b750893d683534-1-683x1024.png 683w, https:\/\/mmongin.greenshelf.net\/wp-content\/uploads\/2025\/09\/15b750893d683534-1-200x300.png 200w, https:\/\/mmongin.greenshelf.net\/wp-content\/uploads\/2025\/09\/15b750893d683534-1-768x1151.png 768w, https:\/\/mmongin.greenshelf.net\/wp-content\/uploads\/2025\/09\/15b750893d683534-1-1025x1536.png 1025w, https:\/\/mmongin.greenshelf.net\/wp-content\/uploads\/2025\/09\/15b750893d683534-1-1366x2048.png 1366w, https:\/\/mmongin.greenshelf.net\/wp-content\/uploads\/2025\/09\/15b750893d683534-1-scaled.png 1708w\" sizes=\"(max-width: 525px) 100vw, 525px\" \/>\t\t\t\t\t\t\t\t\t\t\t\t\t\t\t<\/div>\n\t\t\t\t<div class=\"elementor-element elementor-element-fedcc1d elementor-widget elementor-widget-shortcode\" data-id=\"fedcc1d\" data-element_type=\"widget\" data-widget_type=\"shortcode.default\">\n\t\t\t\t\t\t\t<div class=\"elementor-shortcode\">\n<div class=\"wpcf7 no-js\" id=\"wpcf7-f227-o1\" lang=\"fr-FR\" dir=\"ltr\" data-wpcf7-id=\"227\">\n<div class=\"screen-reader-response\"><p role=\"status\" aria-live=\"polite\" aria-atomic=\"true\"><\/p> <ul><\/ul><\/div>\n<form action=\"\/index.php\/wp-json\/wp\/v2\/pages\/121#wpcf7-f227-o1\" method=\"post\" class=\"wpcf7-form init\" aria-label=\"Formulaire de contact\" novalidate=\"novalidate\" data-status=\"init\">\n<fieldset class=\"hidden-fields-container\"><input type=\"hidden\" name=\"_wpcf7\" value=\"227\" \/><input type=\"hidden\" name=\"_wpcf7_version\" value=\"6.1.4\" \/><input type=\"hidden\" name=\"_wpcf7_locale\" value=\"fr_FR\" \/><input type=\"hidden\" name=\"_wpcf7_unit_tag\" value=\"wpcf7-f227-o1\" \/><input type=\"hidden\" name=\"_wpcf7_container_post\" value=\"0\" \/><input type=\"hidden\" name=\"_wpcf7_posted_data_hash\" value=\"\" \/>\n<\/fieldset>\n<p><label> Votre nom<br \/>\n<span class=\"wpcf7-form-control-wrap\" data-name=\"your-name\"><input size=\"40\" maxlength=\"400\" class=\"wpcf7-form-control wpcf7-text wpcf7-validates-as-required\" autocomplete=\"name\" aria-required=\"true\" aria-invalid=\"false\" value=\"\" type=\"text\" name=\"your-name\" \/><\/span> <\/label>\n<\/p>\n<p><label> Votre e-mail<br \/>\n<span class=\"wpcf7-form-control-wrap\" data-name=\"your-email\"><input size=\"40\" maxlength=\"400\" class=\"wpcf7-form-control wpcf7-email wpcf7-validates-as-required wpcf7-text wpcf7-validates-as-email\" autocomplete=\"email\" aria-required=\"true\" aria-invalid=\"false\" value=\"\" type=\"email\" name=\"your-email\" \/><\/span> <\/label>\n<\/p>\n<p><label> Objet<br \/>\n<span class=\"wpcf7-form-control-wrap\" data-name=\"your-subject\"><input size=\"40\" maxlength=\"400\" class=\"wpcf7-form-control wpcf7-text wpcf7-validates-as-required\" aria-required=\"true\" aria-invalid=\"false\" value=\"\" type=\"text\" name=\"your-subject\" \/><\/span> <\/label>\n<\/p>\n<p><label> Votre message (facultatif)<br \/>\n<span class=\"wpcf7-form-control-wrap\" data-name=\"your-message\"><textarea cols=\"40\" rows=\"10\" maxlength=\"2000\" class=\"wpcf7-form-control wpcf7-textarea\" aria-invalid=\"false\" name=\"your-message\"><\/textarea><\/span> <\/label>\n<\/p>\n<p><input class=\"wpcf7-form-control wpcf7-submit has-spinner\" type=\"submit\" value=\"Envoyer\" \/>\n<\/p><div class=\"wpcf7-response-output\" aria-hidden=\"true\"><\/div>\n<\/form>\n<\/div>\n<\/div>\n\t\t\t\t\t\t<\/div>\n\t\t\t\t<\/div>\n\t\t\t\t<\/div>\n\t\t","protected":false},"excerpt":{"rendered":"","protected":false},"author":1,"featured_media":0,"parent":0,"menu_order":0,"comment_status":"closed","ping_status":"closed","template":"","meta":{"_seopress_robots_primary_cat":"","_seopress_titles_title":"","_seopress_titles_desc":"Une question ? Contactez le service client Greenshelf. Envoyez votre message ou requ\u00eate via notre formulaire de contact. Nous vous r\u00e9pondons !","_seopress_robots_index":"","footnotes":""},"class_list":["post-121","page","type-page","status-publish","hentry"],"yoast_head":"<!-- This site is optimized with the Yoast SEO plugin v26.7 - https:\/\/yoast.com\/wordpress\/plugins\/seo\/ -->\n<title>Greenshelf nous contacter pour toutes les r\u00e9ponses \u00e0 tes questions<\/title>\n<meta name=\"description\" content=\"Tu peux retrouver ici toutes les r\u00e9ponses \u00e0 tes questions\" \/>\n<meta name=\"robots\" content=\"index, follow, max-snippet:-1, max-image-preview:large, max-video-preview:-1\" \/>\n<link rel=\"canonical\" href=\"https:\/\/mmongin.greenshelf.net\/index.php\/page-de-contact-nous-contacter\/\" \/>\n<meta property=\"og:locale\" content=\"fr_FR\" \/>\n<meta property=\"og:type\" content=\"article\" \/>\n<meta property=\"og:title\" content=\"Greenshelf nous contacter pour toutes les r\u00e9ponses \u00e0 tes questions\" \/>\n<meta property=\"og:description\" content=\"Tu peux retrouver ici toutes les r\u00e9ponses \u00e0 tes questions\" \/>\n<meta property=\"og:url\" content=\"https:\/\/mmongin.greenshelf.net\/index.php\/page-de-contact-nous-contacter\/\" \/>\n<meta property=\"og:site_name\" content=\"Greenshelf\" \/>\n<meta property=\"article:modified_time\" content=\"2026-01-10T17:20:39+00:00\" \/>\n<meta property=\"og:image\" content=\"http:\/\/mmongin.greenshelf.net\/wp-content\/uploads\/2025\/09\/15b750893d683534-1-683x1024.png\" \/>\n<meta name=\"twitter:card\" content=\"summary_large_image\" \/>\n<meta name=\"twitter:label1\" content=\"Dur\u00e9e de lecture estim\u00e9e\" \/>\n\t<meta name=\"twitter:data1\" content=\"1 minute\" \/>\n<script type=\"application\/ld+json\" class=\"yoast-schema-graph\">{\"@context\":\"https:\/\/schema.org\",\"@graph\":[{\"@type\":\"WebPage\",\"@id\":\"https:\/\/mmongin.greenshelf.net\/index.php\/page-de-contact-nous-contacter\/\",\"url\":\"https:\/\/mmongin.greenshelf.net\/index.php\/page-de-contact-nous-contacter\/\",\"name\":\"Greenshelf nous contacter pour toutes les r\u00e9ponses \u00e0 tes questions\",\"isPartOf\":{\"@id\":\"https:\/\/mmongin.greenshelf.net\/#website\"},\"primaryImageOfPage\":{\"@id\":\"https:\/\/mmongin.greenshelf.net\/index.php\/page-de-contact-nous-contacter\/#primaryimage\"},\"image\":{\"@id\":\"https:\/\/mmongin.greenshelf.net\/index.php\/page-de-contact-nous-contacter\/#primaryimage\"},\"thumbnailUrl\":\"http:\/\/mmongin.greenshelf.net\/wp-content\/uploads\/2025\/09\/15b750893d683534-1-683x1024.png\",\"datePublished\":\"2025-10-22T15:20:12+00:00\",\"dateModified\":\"2026-01-10T17:20:39+00:00\",\"description\":\"Tu peux retrouver ici toutes les r\u00e9ponses \u00e0 tes questions\",\"breadcrumb\":{\"@id\":\"https:\/\/mmongin.greenshelf.net\/index.php\/page-de-contact-nous-contacter\/#breadcrumb\"},\"inLanguage\":\"fr-FR\",\"potentialAction\":[{\"@type\":\"ReadAction\",\"target\":[\"https:\/\/mmongin.greenshelf.net\/index.php\/page-de-contact-nous-contacter\/\"]}]},{\"@type\":\"ImageObject\",\"inLanguage\":\"fr-FR\",\"@id\":\"https:\/\/mmongin.greenshelf.net\/index.php\/page-de-contact-nous-contacter\/#primaryimage\",\"url\":\"http:\/\/mmongin.greenshelf.net\/wp-content\/uploads\/2025\/09\/15b750893d683534-1-683x1024.png\",\"contentUrl\":\"http:\/\/mmongin.greenshelf.net\/wp-content\/uploads\/2025\/09\/15b750893d683534-1-683x1024.png\"},{\"@type\":\"BreadcrumbList\",\"@id\":\"https:\/\/mmongin.greenshelf.net\/index.php\/page-de-contact-nous-contacter\/#breadcrumb\",\"itemListElement\":[{\"@type\":\"ListItem\",\"position\":1,\"name\":\"Accueil\",\"item\":\"https:\/\/mmongin.greenshelf.net\/\"},{\"@type\":\"ListItem\",\"position\":2,\"name\":\"Nous contacter\"}]},{\"@type\":\"WebSite\",\"@id\":\"https:\/\/mmongin.greenshelf.net\/#website\",\"url\":\"https:\/\/mmongin.greenshelf.net\/\",\"name\":\"Greenshelf\",\"description\":\"Deviens un anti-gaspi du Turfu !\",\"publisher\":{\"@id\":\"https:\/\/mmongin.greenshelf.net\/#organization\"},\"potentialAction\":[{\"@type\":\"SearchAction\",\"target\":{\"@type\":\"EntryPoint\",\"urlTemplate\":\"https:\/\/mmongin.greenshelf.net\/?s={search_term_string}\"},\"query-input\":{\"@type\":\"PropertyValueSpecification\",\"valueRequired\":true,\"valueName\":\"search_term_string\"}}],\"inLanguage\":\"fr-FR\"},{\"@type\":\"Organization\",\"@id\":\"https:\/\/mmongin.greenshelf.net\/#organization\",\"name\":\"Greenshelf\",\"url\":\"https:\/\/mmongin.greenshelf.net\/\",\"logo\":{\"@type\":\"ImageObject\",\"inLanguage\":\"fr-FR\",\"@id\":\"https:\/\/mmongin.greenshelf.net\/#\/schema\/logo\/image\/\",\"url\":\"https:\/\/mmongin.greenshelf.net\/wp-content\/uploads\/2025\/09\/cropped-Group-1-3.png\",\"contentUrl\":\"https:\/\/mmongin.greenshelf.net\/wp-content\/uploads\/2025\/09\/cropped-Group-1-3.png\",\"width\":306,\"height\":323,\"caption\":\"Greenshelf\"},\"image\":{\"@id\":\"https:\/\/mmongin.greenshelf.net\/#\/schema\/logo\/image\/\"}}]}<\/script>\n<!-- \/ Yoast SEO plugin. -->","yoast_head_json":{"title":"Greenshelf nous contacter pour toutes les r\u00e9ponses \u00e0 tes questions","description":"Tu peux retrouver ici toutes les r\u00e9ponses \u00e0 tes questions","robots":{"index":"index","follow":"follow","max-snippet":"max-snippet:-1","max-image-preview":"max-image-preview:large","max-video-preview":"max-video-preview:-1"},"canonical":"https:\/\/mmongin.greenshelf.net\/index.php\/page-de-contact-nous-contacter\/","og_locale":"fr_FR","og_type":"article","og_title":"Greenshelf nous contacter pour toutes les r\u00e9ponses \u00e0 tes questions","og_description":"Tu peux retrouver ici toutes les r\u00e9ponses \u00e0 tes questions","og_url":"https:\/\/mmongin.greenshelf.net\/index.php\/page-de-contact-nous-contacter\/","og_site_name":"Greenshelf","article_modified_time":"2026-01-10T17:20:39+00:00","og_image":[{"url":"http:\/\/mmongin.greenshelf.net\/wp-content\/uploads\/2025\/09\/15b750893d683534-1-683x1024.png","type":"","width":"","height":""}],"twitter_card":"summary_large_image","twitter_misc":{"Dur\u00e9e de lecture estim\u00e9e":"1 minute"},"schema":{"@context":"https:\/\/schema.org","@graph":[{"@type":"WebPage","@id":"https:\/\/mmongin.greenshelf.net\/index.php\/page-de-contact-nous-contacter\/","url":"https:\/\/mmongin.greenshelf.net\/index.php\/page-de-contact-nous-contacter\/","name":"Greenshelf nous contacter pour toutes les r\u00e9ponses \u00e0 tes questions","isPartOf":{"@id":"https:\/\/mmongin.greenshelf.net\/#website"},"primaryImageOfPage":{"@id":"https:\/\/mmongin.greenshelf.net\/index.php\/page-de-contact-nous-contacter\/#primaryimage"},"image":{"@id":"https:\/\/mmongin.greenshelf.net\/index.php\/page-de-contact-nous-contacter\/#primaryimage"},"thumbnailUrl":"http:\/\/mmongin.greenshelf.net\/wp-content\/uploads\/2025\/09\/15b750893d683534-1-683x1024.png","datePublished":"2025-10-22T15:20:12+00:00","dateModified":"2026-01-10T17:20:39+00:00","description":"Tu peux retrouver ici toutes les r\u00e9ponses \u00e0 tes questions","breadcrumb":{"@id":"https:\/\/mmongin.greenshelf.net\/index.php\/page-de-contact-nous-contacter\/#breadcrumb"},"inLanguage":"fr-FR","potentialAction":[{"@type":"ReadAction","target":["https:\/\/mmongin.greenshelf.net\/index.php\/page-de-contact-nous-contacter\/"]}]},{"@type":"ImageObject","inLanguage":"fr-FR","@id":"https:\/\/mmongin.greenshelf.net\/index.php\/page-de-contact-nous-contacter\/#primaryimage","url":"http:\/\/mmongin.greenshelf.net\/wp-content\/uploads\/2025\/09\/15b750893d683534-1-683x1024.png","contentUrl":"http:\/\/mmongin.greenshelf.net\/wp-content\/uploads\/2025\/09\/15b750893d683534-1-683x1024.png"},{"@type":"BreadcrumbList","@id":"https:\/\/mmongin.greenshelf.net\/index.php\/page-de-contact-nous-contacter\/#breadcrumb","itemListElement":[{"@type":"ListItem","position":1,"name":"Accueil","item":"https:\/\/mmongin.greenshelf.net\/"},{"@type":"ListItem","position":2,"name":"Nous contacter"}]},{"@type":"WebSite","@id":"https:\/\/mmongin.greenshelf.net\/#website","url":"https:\/\/mmongin.greenshelf.net\/","name":"Greenshelf","description":"Deviens un anti-gaspi du Turfu !","publisher":{"@id":"https:\/\/mmongin.greenshelf.net\/#organization"},"potentialAction":[{"@type":"SearchAction","target":{"@type":"EntryPoint","urlTemplate":"https:\/\/mmongin.greenshelf.net\/?s={search_term_string}"},"query-input":{"@type":"PropertyValueSpecification","valueRequired":true,"valueName":"search_term_string"}}],"inLanguage":"fr-FR"},{"@type":"Organization","@id":"https:\/\/mmongin.greenshelf.net\/#organization","name":"Greenshelf","url":"https:\/\/mmongin.greenshelf.net\/","logo":{"@type":"ImageObject","inLanguage":"fr-FR","@id":"https:\/\/mmongin.greenshelf.net\/#\/schema\/logo\/image\/","url":"https:\/\/mmongin.greenshelf.net\/wp-content\/uploads\/2025\/09\/cropped-Group-1-3.png","contentUrl":"https:\/\/mmongin.greenshelf.net\/wp-content\/uploads\/2025\/09\/cropped-Group-1-3.png","width":306,"height":323,"caption":"Greenshelf"},"image":{"@id":"https:\/\/mmongin.greenshelf.net\/#\/schema\/logo\/image\/"}}]}},"_links":{"self":[{"href":"https:\/\/mmongin.greenshelf.net\/index.php\/wp-json\/wp\/v2\/pages\/121","targetHints":{"allow":["GET"]}}],"collection":[{"href":"https:\/\/mmongin.greenshelf.net\/index.php\/wp-json\/wp\/v2\/pages"}],"about":[{"href":"https:\/\/mmongin.greenshelf.net\/index.php\/wp-json\/wp\/v2\/types\/page"}],"author":[{"embeddable":true,"href":"https:\/\/mmongin.greenshelf.net\/index.php\/wp-json\/wp\/v2\/users\/1"}],"replies":[{"embeddable":true,"href":"https:\/\/mmongin.greenshelf.net\/index.php\/wp-json\/wp\/v2\/comments?post=121"}],"version-history":[{"count":28,"href":"https:\/\/mmongin.greenshelf.net\/index.php\/wp-json\/wp\/v2\/pages\/121\/revisions"}],"predecessor-version":[{"id":1498,"href":"https:\/\/mmongin.greenshelf.net\/index.php\/wp-json\/wp\/v2\/pages\/121\/revisions\/1498"}],"wp:attachment":[{"href":"https:\/\/mmongin.greenshelf.net\/index.php\/wp-json\/wp\/v2\/media?parent=121"}],"curies":[{"name":"wp","href":"https:\/\/api.w.org\/{rel}","templated":true}]}}