{"id":1499,"date":"2026-01-10T17:35:52","date_gmt":"2026-01-10T17:35:52","guid":{"rendered":"https:\/\/mmongin.greenshelf.net\/?page_id=1499"},"modified":"2026-01-16T09:26:10","modified_gmt":"2026-01-16T09:26:10","slug":"politique-de-confidentialite","status":"publish","type":"page","link":"https:\/\/mmongin.greenshelf.net\/index.php\/politique-de-confidentialite\/","title":{"rendered":"Politique de confidentialit\u00e9"},"content":{"rendered":"\t\t<div data-elementor-type=\"wp-page\" data-elementor-id=\"1499\" class=\"elementor elementor-1499\">\n\t\t\t\t<div class=\"elementor-element elementor-element-2eb9fe5c e-flex e-con-boxed e-con e-parent\" data-id=\"2eb9fe5c\" data-element_type=\"container\">\n\t\t\t\t\t<div class=\"e-con-inner\">\n\t\t\t\t<div class=\"elementor-element elementor-element-603e519 elementor-invisible elementor-widget elementor-widget-text-editor\" data-id=\"603e519\" data-element_type=\"widget\" data-settings=\"{&quot;_animation&quot;:&quot;fadeIn&quot;}\" data-widget_type=\"text-editor.default\">\n\t\t\t\t\t\t\t\t\t\n<h3 class=\"wp-block-heading\">Qui sommes-nous\u00a0?<\/h3>\n\n<p>L&rsquo;adresse de notre site est : https:\/\/mmongin.greenshelf.net.<\/p>\n\n<h3 class=\"wp-block-heading\">Commentaires<\/h3>\n\n<p>Lorsque vous laissez un commentaire sur notre site, nous collectons les donn\u00e9es que vous inscrivez dans le formulaire de commentaire, ainsi que votre adresse IP et l\u2019agent utilisateur de votre navigateur. Ces informations nous aident \u00e0 d\u00e9tecter les commentaires ind\u00e9sirables.<\/p>\n\n<p>Si vous utilisez le service Gravatar, une cha\u00eene anonymis\u00e9e (un hash) de votre adresse e-mail peut \u00eatre envoy\u00e9e \u00e0 ce service pour v\u00e9rifier si vous avez un profil. Vous pouvez consulter les r\u00e8gles de confidentialit\u00e9 de Gravatar ici : <a href=\"https:\/\/automattic.com\/privacy\/\">https:\/\/automattic.com\/privacy\/<\/a>. Apr\u00e8s la validation de votre commentaire, votre photo de profil s&rsquo;affichera publiquement \u00e0 c\u00f4t\u00e9 de celui-ci.<\/p>\n\n<h3 class=\"wp-block-heading\">M\u00e9dias<\/h3>\n\n<p>Si vous t\u00e9l\u00e9chargez des images sur notre site, nous vous recommandons de ne pas t\u00e9l\u00e9charger d&rsquo;images contenant des donn\u00e9es EXIF de coordonn\u00e9es GPS. Les visiteurs du site pourraient en effet t\u00e9l\u00e9charger et extraire ces donn\u00e9es de localisation depuis les images.<\/p>\n\n<h3 class=\"wp-block-heading\">Cookies<\/h3>\n\n<p>Lors de la publication d&rsquo;un commentaire, nous vous proposons d\u2019enregistrer votre nom, votre adresse e-mail et votre site web dans des cookies. Cela vous permet de ne pas avoir \u00e0 ressaisir ces informations si vous d\u00e9posez un autre commentaire plus tard. Ces cookies expirent apr\u00e8s un an.<\/p>\n\n<p>Si vous vous connectez \u00e0 votre compte, un cookie temporaire est cr\u00e9\u00e9 pour v\u00e9rifier si votre navigateur accepte les cookies. Ce cookie ne contient aucune donn\u00e9e personnelle et est supprim\u00e9 \u00e0 la fermeture de votre navigateur.<\/p>\n\n<p>Lorsque vous vous connectez, plusieurs cookies sont install\u00e9s pour enregistrer vos informations de connexion et vos pr\u00e9f\u00e9rences d&rsquo;affichage. Le cookie de connexion dure deux jours, et celui de vos options d\u2019affichage dure un an. Si vous cochez \u00ab Se souvenir de moi \u00bb, votre cookie de connexion sera conserv\u00e9 pendant deux semaines. Si vous vous d\u00e9connectez, le cookie de connexion est supprim\u00e9.<\/p>\n\n<p>Lors de la modification ou de la publication d\u2019un article, un cookie suppl\u00e9mentaire est enregistr\u00e9 dans votre navigateur. Ce cookie ne contient pas de donn\u00e9es personnelles, mais il indique simplement l\u2019ID de l&rsquo;article que vous venez de modifier. Il expire apr\u00e8s un jour.<\/p>\n\n<h3 class=\"wp-block-heading\">Contenu embarqu\u00e9 depuis d\u2019autres sites<\/h3>\n\n<p>Les articles sur ce site peuvent inclure du contenu embarqu\u00e9 (par exemple des vid\u00e9os, des images, ou des articles). Le contenu int\u00e9gr\u00e9 depuis d&rsquo;autres sites se comporte comme si vous visitiez ces sites.<\/p>\n\n<p>Ces sites peuvent collecter des donn\u00e9es vous concernant, utiliser des cookies, embarquer des outils de suivi tiers et suivre vos interactions avec le contenu int\u00e9gr\u00e9, surtout si vous \u00eates connect\u00e9 \u00e0 leur site web.<\/p>\n\n<h3 class=\"wp-block-heading\">Utilisation et transmission de vos donn\u00e9es personnelles<\/h3>\n\n<p>Si vous demandez une r\u00e9initialisation de votre mot de passe, votre adresse IP sera incluse dans l\u2019e-mail de r\u00e9initialisation.<\/p>\n\n<h3 class=\"wp-block-heading\">Dur\u00e9es de stockage de vos donn\u00e9es<\/h3>\n\n<p>Nous conservons les commentaires et leurs m\u00e9tadonn\u00e9es ind\u00e9finiment. Cela permet de reconna\u00eetre et d&rsquo;approuver automatiquement les commentaires suivants, sans les laisser en attente de mod\u00e9ration.<\/p>\n\n<p>Si vous avez un compte sur notre site, nous stockons \u00e9galement les informations personnelles que vous avez fournies dans votre profil. Vous pouvez consulter, modifier ou supprimer vos informations personnelles \u00e0 tout moment (\u00e0 l&rsquo;exception de votre identifiant). Les administrateurs du site peuvent \u00e9galement voir et modifier ces informations.<\/p>\n\n<h3 class=\"wp-block-heading\">Les droits que vous avez sur vos donn\u00e9es<\/h3>\n\n<p>Si vous avez un compte ou si vous avez laiss\u00e9 un commentaire sur le site, vous avez le droit de demander \u00e0 recevoir un fichier contenant toutes les donn\u00e9es personnelles que nous avons \u00e0 votre sujet, y compris celles que vous nous avez fournies. Vous pouvez aussi demander la suppression de vos donn\u00e9es personnelles. Cette demande ne prend pas en compte les donn\u00e9es conserv\u00e9es \u00e0 des fins administratives, l\u00e9gales ou pour des raisons de s\u00e9curit\u00e9.<\/p>\n\n<h3 class=\"wp-block-heading\">O\u00f9 vos donn\u00e9es sont envoy\u00e9es<\/h3>\n\n<p>Les commentaires des visiteurs peuvent \u00eatre v\u00e9rifi\u00e9s \u00e0 l\u2019aide d\u2019un service automatis\u00e9 de d\u00e9tection des commentaires ind\u00e9sirables.<\/p>\n\t\t\t\t\t\t\t\t<\/div>\n\t\t\t\t\t<\/div>\n\t\t\t\t<\/div>\n\t\t\t\t<\/div>\n\t\t","protected":false},"excerpt":{"rendered":"<p>Qui sommes-nous\u00a0? L&rsquo;adresse de notre site est : https:\/\/mmongin.greenshelf.net. Commentaires Lorsque vous laissez un commentaire sur notre site, nous collectons les donn\u00e9es que vous inscrivez dans le formulaire de commentaire, ainsi que votre adresse IP et l\u2019agent utilisateur de votre navigateur. Ces informations nous aident \u00e0 d\u00e9tecter les commentaires ind\u00e9sirables. Si vous utilisez le service [&hellip;]<\/p>\n","protected":false},"author":1,"featured_media":0,"parent":0,"menu_order":0,"comment_status":"closed","ping_status":"closed","template":"","meta":{"_seopress_robots_primary_cat":"","_seopress_titles_title":"","_seopress_titles_desc":"","_seopress_robots_index":"","footnotes":""},"class_list":["post-1499","page","type-page","status-publish","hentry"],"yoast_head":"<!-- This site is optimized with the Yoast SEO plugin v26.7 - https:\/\/yoast.com\/wordpress\/plugins\/seo\/ -->\n<title>Greenshelf politique de confidentialit\u00e9<\/title>\n<meta name=\"description\" content=\"Vous trouverez ici la politique de confidentialit\u00e9 de Greenshelf pour savoir comment vos donn\u00e9es sont collect\u00e9es et utilis\u00e9es\" \/>\n<meta name=\"robots\" content=\"index, follow, max-snippet:-1, max-image-preview:large, max-video-preview:-1\" \/>\n<link rel=\"canonical\" href=\"https:\/\/mmongin.greenshelf.net\/index.php\/politique-de-confidentialite\/\" \/>\n<meta property=\"og:locale\" content=\"fr_FR\" \/>\n<meta property=\"og:type\" content=\"article\" \/>\n<meta property=\"og:title\" content=\"Greenshelf politique de confidentialit\u00e9\" \/>\n<meta property=\"og:description\" content=\"Vous trouverez ici la politique de confidentialit\u00e9 de Greenshelf pour savoir comment vos donn\u00e9es sont collect\u00e9es et utilis\u00e9es\" \/>\n<meta property=\"og:url\" content=\"https:\/\/mmongin.greenshelf.net\/index.php\/politique-de-confidentialite\/\" \/>\n<meta property=\"og:site_name\" content=\"Greenshelf\" \/>\n<meta property=\"article:modified_time\" content=\"2026-01-16T09:26:10+00:00\" \/>\n<meta name=\"twitter:card\" content=\"summary_large_image\" \/>\n<meta name=\"twitter:label1\" content=\"Dur\u00e9e de lecture estim\u00e9e\" \/>\n\t<meta name=\"twitter:data1\" content=\"4 minutes\" \/>\n<script type=\"application\/ld+json\" class=\"yoast-schema-graph\">{\"@context\":\"https:\/\/schema.org\",\"@graph\":[{\"@type\":\"WebPage\",\"@id\":\"https:\/\/mmongin.greenshelf.net\/index.php\/politique-de-confidentialite\/\",\"url\":\"https:\/\/mmongin.greenshelf.net\/index.php\/politique-de-confidentialite\/\",\"name\":\"Greenshelf politique de confidentialit\u00e9\",\"isPartOf\":{\"@id\":\"https:\/\/mmongin.greenshelf.net\/#website\"},\"datePublished\":\"2026-01-10T17:35:52+00:00\",\"dateModified\":\"2026-01-16T09:26:10+00:00\",\"description\":\"Vous trouverez ici la politique de confidentialit\u00e9 de Greenshelf pour savoir comment vos donn\u00e9es sont collect\u00e9es et utilis\u00e9es\",\"breadcrumb\":{\"@id\":\"https:\/\/mmongin.greenshelf.net\/index.php\/politique-de-confidentialite\/#breadcrumb\"},\"inLanguage\":\"fr-FR\",\"potentialAction\":[{\"@type\":\"ReadAction\",\"target\":[\"https:\/\/mmongin.greenshelf.net\/index.php\/politique-de-confidentialite\/\"]}]},{\"@type\":\"BreadcrumbList\",\"@id\":\"https:\/\/mmongin.greenshelf.net\/index.php\/politique-de-confidentialite\/#breadcrumb\",\"itemListElement\":[{\"@type\":\"ListItem\",\"position\":1,\"name\":\"Accueil\",\"item\":\"https:\/\/mmongin.greenshelf.net\/\"},{\"@type\":\"ListItem\",\"position\":2,\"name\":\"Politique de confidentialit\u00e9\"}]},{\"@type\":\"WebSite\",\"@id\":\"https:\/\/mmongin.greenshelf.net\/#website\",\"url\":\"https:\/\/mmongin.greenshelf.net\/\",\"name\":\"Greenshelf\",\"description\":\"Deviens un anti-gaspi du Turfu !\",\"publisher\":{\"@id\":\"https:\/\/mmongin.greenshelf.net\/#organization\"},\"potentialAction\":[{\"@type\":\"SearchAction\",\"target\":{\"@type\":\"EntryPoint\",\"urlTemplate\":\"https:\/\/mmongin.greenshelf.net\/?s={search_term_string}\"},\"query-input\":{\"@type\":\"PropertyValueSpecification\",\"valueRequired\":true,\"valueName\":\"search_term_string\"}}],\"inLanguage\":\"fr-FR\"},{\"@type\":\"Organization\",\"@id\":\"https:\/\/mmongin.greenshelf.net\/#organization\",\"name\":\"Greenshelf\",\"url\":\"https:\/\/mmongin.greenshelf.net\/\",\"logo\":{\"@type\":\"ImageObject\",\"inLanguage\":\"fr-FR\",\"@id\":\"https:\/\/mmongin.greenshelf.net\/#\/schema\/logo\/image\/\",\"url\":\"https:\/\/mmongin.greenshelf.net\/wp-content\/uploads\/2025\/09\/cropped-Group-1-3.png\",\"contentUrl\":\"https:\/\/mmongin.greenshelf.net\/wp-content\/uploads\/2025\/09\/cropped-Group-1-3.png\",\"width\":306,\"height\":323,\"caption\":\"Greenshelf\"},\"image\":{\"@id\":\"https:\/\/mmongin.greenshelf.net\/#\/schema\/logo\/image\/\"}}]}<\/script>\n<!-- \/ Yoast SEO plugin. -->","yoast_head_json":{"title":"Greenshelf politique de confidentialit\u00e9","description":"Vous trouverez ici la politique de confidentialit\u00e9 de Greenshelf pour savoir comment vos donn\u00e9es sont collect\u00e9es et utilis\u00e9es","robots":{"index":"index","follow":"follow","max-snippet":"max-snippet:-1","max-image-preview":"max-image-preview:large","max-video-preview":"max-video-preview:-1"},"canonical":"https:\/\/mmongin.greenshelf.net\/index.php\/politique-de-confidentialite\/","og_locale":"fr_FR","og_type":"article","og_title":"Greenshelf politique de confidentialit\u00e9","og_description":"Vous trouverez ici la politique de confidentialit\u00e9 de Greenshelf pour savoir comment vos donn\u00e9es sont collect\u00e9es et utilis\u00e9es","og_url":"https:\/\/mmongin.greenshelf.net\/index.php\/politique-de-confidentialite\/","og_site_name":"Greenshelf","article_modified_time":"2026-01-16T09:26:10+00:00","twitter_card":"summary_large_image","twitter_misc":{"Dur\u00e9e de lecture estim\u00e9e":"4 minutes"},"schema":{"@context":"https:\/\/schema.org","@graph":[{"@type":"WebPage","@id":"https:\/\/mmongin.greenshelf.net\/index.php\/politique-de-confidentialite\/","url":"https:\/\/mmongin.greenshelf.net\/index.php\/politique-de-confidentialite\/","name":"Greenshelf politique de confidentialit\u00e9","isPartOf":{"@id":"https:\/\/mmongin.greenshelf.net\/#website"},"datePublished":"2026-01-10T17:35:52+00:00","dateModified":"2026-01-16T09:26:10+00:00","description":"Vous trouverez ici la politique de confidentialit\u00e9 de Greenshelf pour savoir comment vos donn\u00e9es sont collect\u00e9es et utilis\u00e9es","breadcrumb":{"@id":"https:\/\/mmongin.greenshelf.net\/index.php\/politique-de-confidentialite\/#breadcrumb"},"inLanguage":"fr-FR","potentialAction":[{"@type":"ReadAction","target":["https:\/\/mmongin.greenshelf.net\/index.php\/politique-de-confidentialite\/"]}]},{"@type":"BreadcrumbList","@id":"https:\/\/mmongin.greenshelf.net\/index.php\/politique-de-confidentialite\/#breadcrumb","itemListElement":[{"@type":"ListItem","position":1,"name":"Accueil","item":"https:\/\/mmongin.greenshelf.net\/"},{"@type":"ListItem","position":2,"name":"Politique de confidentialit\u00e9"}]},{"@type":"WebSite","@id":"https:\/\/mmongin.greenshelf.net\/#website","url":"https:\/\/mmongin.greenshelf.net\/","name":"Greenshelf","description":"Deviens un anti-gaspi du Turfu !","publisher":{"@id":"https:\/\/mmongin.greenshelf.net\/#organization"},"potentialAction":[{"@type":"SearchAction","target":{"@type":"EntryPoint","urlTemplate":"https:\/\/mmongin.greenshelf.net\/?s={search_term_string}"},"query-input":{"@type":"PropertyValueSpecification","valueRequired":true,"valueName":"search_term_string"}}],"inLanguage":"fr-FR"},{"@type":"Organization","@id":"https:\/\/mmongin.greenshelf.net\/#organization","name":"Greenshelf","url":"https:\/\/mmongin.greenshelf.net\/","logo":{"@type":"ImageObject","inLanguage":"fr-FR","@id":"https:\/\/mmongin.greenshelf.net\/#\/schema\/logo\/image\/","url":"https:\/\/mmongin.greenshelf.net\/wp-content\/uploads\/2025\/09\/cropped-Group-1-3.png","contentUrl":"https:\/\/mmongin.greenshelf.net\/wp-content\/uploads\/2025\/09\/cropped-Group-1-3.png","width":306,"height":323,"caption":"Greenshelf"},"image":{"@id":"https:\/\/mmongin.greenshelf.net\/#\/schema\/logo\/image\/"}}]}},"_links":{"self":[{"href":"https:\/\/mmongin.greenshelf.net\/index.php\/wp-json\/wp\/v2\/pages\/1499","targetHints":{"allow":["GET"]}}],"collection":[{"href":"https:\/\/mmongin.greenshelf.net\/index.php\/wp-json\/wp\/v2\/pages"}],"about":[{"href":"https:\/\/mmongin.greenshelf.net\/index.php\/wp-json\/wp\/v2\/types\/page"}],"author":[{"embeddable":true,"href":"https:\/\/mmongin.greenshelf.net\/index.php\/wp-json\/wp\/v2\/users\/1"}],"replies":[{"embeddable":true,"href":"https:\/\/mmongin.greenshelf.net\/index.php\/wp-json\/wp\/v2\/comments?post=1499"}],"version-history":[{"count":9,"href":"https:\/\/mmongin.greenshelf.net\/index.php\/wp-json\/wp\/v2\/pages\/1499\/revisions"}],"predecessor-version":[{"id":1569,"href":"https:\/\/mmongin.greenshelf.net\/index.php\/wp-json\/wp\/v2\/pages\/1499\/revisions\/1569"}],"wp:attachment":[{"href":"https:\/\/mmongin.greenshelf.net\/index.php\/wp-json\/wp\/v2\/media?parent=1499"}],"curies":[{"name":"wp","href":"https:\/\/api.w.org\/{rel}","templated":true}]}}