{"id":1510,"date":"2026-01-10T18:04:59","date_gmt":"2026-01-10T18:04:59","guid":{"rendered":"https:\/\/mmongin.greenshelf.net\/?page_id=1510"},"modified":"2026-01-16T09:20:59","modified_gmt":"2026-01-16T09:20:59","slug":"greenshelf-mentions-legales","status":"publish","type":"page","link":"https:\/\/mmongin.greenshelf.net\/index.php\/greenshelf-mentions-legales\/","title":{"rendered":"Mentions l\u00e9gales"},"content":{"rendered":"\t\t<div data-elementor-type=\"wp-page\" data-elementor-id=\"1510\" class=\"elementor elementor-1510\">\n\t\t\t\t<div class=\"elementor-element elementor-element-766ad37 e-flex e-con-boxed e-con e-parent\" data-id=\"766ad37\" data-element_type=\"container\">\n\t\t\t\t\t<div class=\"e-con-inner\">\n\t\t\t\t<div class=\"elementor-element elementor-element-a2c954d elementor-widget elementor-widget-heading\" data-id=\"a2c954d\" data-element_type=\"widget\" data-widget_type=\"heading.default\">\n\t\t\t\t\t<h2 class=\"elementor-heading-title elementor-size-default\">Editeur du site<\/h2>\t\t\t\t<\/div>\n\t\t\t\t<div class=\"elementor-element elementor-element-6f0b657 elementor-invisible elementor-widget elementor-widget-text-editor\" data-id=\"6f0b657\" data-element_type=\"widget\" data-settings=\"{&quot;_animation&quot;:&quot;fadeIn&quot;}\" data-widget_type=\"text-editor.default\">\n\t\t\t\t\t\t\t\t\t<p>Le site <a class=\"decorated-link\" href=\"https:\/\/mmongin.greenshelf.net\" target=\"_new\" rel=\"noopener\" data-start=\"185\" data-end=\"215\">https:\/\/mmongin.greenshelf.net<\/a> est \u00e9dit\u00e9 par <strong data-start=\"234\" data-end=\"248\">Greenshelf<\/strong><br data-start=\"248\" data-end=\"251\" \/>Statut juridique : <strong>Association \u00e0 but non lucratif<\/strong><br data-start=\"300\" data-end=\"303\" \/>Si\u00e8ge social : 123 Rue de l&rsquo;Innovation, 75001 Paris, France<br data-start=\"362\" data-end=\"365\" \/>Num\u00e9ro SIRET : 123 456 789 00012<br data-start=\"397\" data-end=\"400\" \/>Email de contact : <a class=\"decorated-link cursor-pointer\" rel=\"noopener\" data-start=\"419\" data-end=\"441\">contact@greenshelf.net<\/a><br data-start=\"441\" data-end=\"444\" \/>Directeur de la publication : Jean Dupont, Pr\u00e9sident de Greenshelf<\/p>\t\t\t\t\t\t\t\t<\/div>\n\t\t\t\t<div class=\"elementor-element elementor-element-95c2a5a elementor-widget elementor-widget-heading\" data-id=\"95c2a5a\" data-element_type=\"widget\" data-widget_type=\"heading.default\">\n\t\t\t\t\t<h2 class=\"elementor-heading-title elementor-size-default\">H\u00e9bergeur du site<\/h2>\t\t\t\t<\/div>\n\t\t\t\t<div class=\"elementor-element elementor-element-f3cdc07 elementor-invisible elementor-widget elementor-widget-text-editor\" data-id=\"f3cdc07\" data-element_type=\"widget\" data-settings=\"{&quot;_animation&quot;:&quot;fadeIn&quot;}\" data-widget_type=\"text-editor.default\">\n\t\t\t\t\t\t\t\t\t<p>Le site est h\u00e9berg\u00e9 par <strong data-start=\"566\" data-end=\"573\">OVH<\/strong><br data-start=\"573\" data-end=\"576\" \/>2 rue Kellermann, 59100 Roubaix, France<br data-start=\"615\" data-end=\"618\" \/>T\u00e9l\u00e9phone : +33 9 72 10 10 07<\/p>\t\t\t\t\t\t\t\t<\/div>\n\t\t\t\t<div class=\"elementor-element elementor-element-1a64296 elementor-widget elementor-widget-heading\" data-id=\"1a64296\" data-element_type=\"widget\" data-widget_type=\"heading.default\">\n\t\t\t\t\t<h2 class=\"elementor-heading-title elementor-size-default\">Propri\u00e9t\u00e9 intellectuelle<\/h2>\t\t\t\t<\/div>\n\t\t\t\t<div class=\"elementor-element elementor-element-44cf31c elementor-invisible elementor-widget elementor-widget-text-editor\" data-id=\"44cf31c\" data-element_type=\"widget\" data-settings=\"{&quot;_animation&quot;:&quot;fadeIn&quot;}\" data-widget_type=\"text-editor.default\">\n\t\t\t\t\t\t\t\t\t<p>Tous les \u00e9l\u00e9ments pr\u00e9sents sur ce site (textes, images, logos, vid\u00e9os, ic\u00f4nes, etc.) sont prot\u00e9g\u00e9s par les lois fran\u00e7aises sur la propri\u00e9t\u00e9 intellectuelle. Ils sont la propri\u00e9t\u00e9 exclusive de Greenshelf ou de leurs titulaires respectifs. Toute reproduction, repr\u00e9sentation ou utilisation, totale ou partielle, faite sans le consentement pr\u00e9alable et \u00e9crit de l\u2019\u00e9diteur est strictement interdite.<\/p>\t\t\t\t\t\t\t\t<\/div>\n\t\t\t\t<div class=\"elementor-element elementor-element-b1949b1 elementor-widget elementor-widget-heading\" data-id=\"b1949b1\" data-element_type=\"widget\" data-widget_type=\"heading.default\">\n\t\t\t\t\t<h2 class=\"elementor-heading-title elementor-size-default\">Donn\u00e9es personnelles<\/h2>\t\t\t\t<\/div>\n\t\t\t\t<div class=\"elementor-element elementor-element-b24f561 elementor-invisible elementor-widget elementor-widget-text-editor\" data-id=\"b24f561\" data-element_type=\"widget\" data-settings=\"{&quot;_animation&quot;:&quot;fadeIn&quot;}\" data-widget_type=\"text-editor.default\">\n\t\t\t\t\t\t\t\t\t<p data-start=\"1111\" data-end=\"1372\">Nous collectons certaines donn\u00e9es lorsque vous interagissez avec notre site (par exemple, via les formulaires de contact ou les commentaires). Ces donn\u00e9es sont utilis\u00e9es uniquement pour r\u00e9pondre \u00e0 vos demandes ou pour assurer les fonctions essentielles du site.<\/p><p data-start=\"1374\" data-end=\"1507\">Pour plus d&rsquo;informations sur la collecte et l&rsquo;utilisation de vos donn\u00e9es, veuillez consulter notre <a href=\"https:\/\/mmongin.greenshelf.net\/index.php\/politique-de-confidentialite\/\">Politique de confidentialit\u00e9<\/a>.<\/p>\t\t\t\t\t\t\t\t<\/div>\n\t\t\t\t<div class=\"elementor-element elementor-element-b13d3a1 elementor-widget elementor-widget-heading\" data-id=\"b13d3a1\" data-element_type=\"widget\" data-widget_type=\"heading.default\">\n\t\t\t\t\t<h2 class=\"elementor-heading-title elementor-size-default\">Cookies<\/h2>\t\t\t\t<\/div>\n\t\t\t\t<div class=\"elementor-element elementor-element-c0030a4 elementor-invisible elementor-widget elementor-widget-text-editor\" data-id=\"c0030a4\" data-element_type=\"widget\" data-settings=\"{&quot;_animation&quot;:&quot;fadeIn&quot;}\" data-widget_type=\"text-editor.default\">\n\t\t\t\t\t\t\t\t\t<p data-start=\"1526\" data-end=\"1615\">Lors de votre navigation, des cookies peuvent \u00eatre d\u00e9pos\u00e9s sur votre appareil afin de :<\/p><ul data-start=\"1616\" data-end=\"1712\"><li data-start=\"1616\" data-end=\"1646\"><p data-start=\"1618\" data-end=\"1646\">Faciliter votre navigation<\/p><\/li><li data-start=\"1647\" data-end=\"1676\"><p data-start=\"1649\" data-end=\"1676\">M\u00e9moriser vos pr\u00e9f\u00e9rences<\/p><\/li><li data-start=\"1677\" data-end=\"1712\"><p data-start=\"1679\" data-end=\"1712\">Analyser la fr\u00e9quentation du site<\/p><\/li><\/ul><p data-start=\"1714\" data-end=\"1805\">Vous pouvez g\u00e9rer vos pr\u00e9f\u00e9rences en mati\u00e8re de cookies \u00e0 tout moment via votre navigateur.<\/p>\t\t\t\t\t\t\t\t<\/div>\n\t\t\t\t<div class=\"elementor-element elementor-element-5a9f59f elementor-widget elementor-widget-heading\" data-id=\"5a9f59f\" data-element_type=\"widget\" data-widget_type=\"heading.default\">\n\t\t\t\t\t<h2 class=\"elementor-heading-title elementor-size-default\">Liens externes<\/h2>\t\t\t\t<\/div>\n\t\t\t\t<div class=\"elementor-element elementor-element-c3c01d0 elementor-invisible elementor-widget elementor-widget-text-editor\" data-id=\"c3c01d0\" data-element_type=\"widget\" data-settings=\"{&quot;_animation&quot;:&quot;fadeIn&quot;}\" data-widget_type=\"text-editor.default\">\n\t\t\t\t\t\t\t\t\t<p>Ce site contient des liens vers des sites tiers. Greenshelf n&rsquo;exerce aucun contr\u00f4le sur ces sites et d\u00e9cline toute responsabilit\u00e9 quant \u00e0 leur contenu ou leurs pratiques en mati\u00e8re de confidentialit\u00e9.<\/p>\t\t\t\t\t\t\t\t<\/div>\n\t\t\t\t<div class=\"elementor-element elementor-element-c7c49e6 elementor-widget elementor-widget-heading\" data-id=\"c7c49e6\" data-element_type=\"widget\" data-widget_type=\"heading.default\">\n\t\t\t\t\t<h2 class=\"elementor-heading-title elementor-size-default\">Responsabilit\u00e9<\/h2>\t\t\t\t<\/div>\n\t\t\t\t<div class=\"elementor-element elementor-element-f243ff4 elementor-invisible elementor-widget elementor-widget-text-editor\" data-id=\"f243ff4\" data-element_type=\"widget\" data-settings=\"{&quot;_animation&quot;:&quot;fadeIn&quot;}\" data-widget_type=\"text-editor.default\">\n\t\t\t\t\t\t\t\t\t<p>Greenshelf met tout en \u0153uvre pour garantir l&rsquo;exactitude des informations pr\u00e9sentes sur ce site, mais ne peut garantir l&rsquo;absence d&rsquo;erreurs ou d&rsquo;inexactitudes. Greenshelf ne peut \u00eatre tenu responsable des dommages directs ou indirects r\u00e9sultant de l&rsquo;utilisation de ce site.<\/p>\t\t\t\t\t\t\t\t<\/div>\n\t\t\t\t<div class=\"elementor-element elementor-element-9d9a0e7 elementor-widget elementor-widget-heading\" data-id=\"9d9a0e7\" data-element_type=\"widget\" data-widget_type=\"heading.default\">\n\t\t\t\t\t<h2 class=\"elementor-heading-title elementor-size-default\">Droit applicable<\/h2>\t\t\t\t<\/div>\n\t\t\t\t<div class=\"elementor-element elementor-element-caa677c elementor-invisible elementor-widget elementor-widget-text-editor\" data-id=\"caa677c\" data-element_type=\"widget\" data-settings=\"{&quot;_animation&quot;:&quot;fadeIn&quot;}\" data-widget_type=\"text-editor.default\">\n\t\t\t\t\t\t\t\t\t<p data-start=\"2356\" data-end=\"2480\">Les pr\u00e9sentes mentions l\u00e9gales sont r\u00e9gies par la loi fran\u00e7aise. En cas de litige, les tribunaux fran\u00e7ais seront comp\u00e9tents.<\/p>\t\t\t\t\t\t\t\t<\/div>\n\t\t\t\t<div class=\"elementor-element elementor-element-633ff67 elementor-invisible elementor-widget elementor-widget-text-editor\" data-id=\"633ff67\" data-element_type=\"widget\" data-settings=\"{&quot;_animation&quot;:&quot;fadeIn&quot;}\" data-widget_type=\"text-editor.default\">\n\t\t\t\t\t\t\t\t\t<p><strong data-start=\"2487\" data-end=\"2513\">Derni\u00e8re mise \u00e0 jour :<\/strong> <strong>30 d\u00e9cembre 2025<\/strong><\/p>\t\t\t\t\t\t\t\t<\/div>\n\t\t\t\t\t<\/div>\n\t\t\t\t<\/div>\n\t\t\t\t<\/div>\n\t\t","protected":false},"excerpt":{"rendered":"<p>Editeur du site Le site https:\/\/mmongin.greenshelf.net est \u00e9dit\u00e9 par GreenshelfStatut juridique : Association \u00e0 but non lucratifSi\u00e8ge social : 123 Rue de l&rsquo;Innovation, 75001 Paris, FranceNum\u00e9ro SIRET : 123 456 789 00012Email de contact : contact@greenshelf.netDirecteur de la publication : Jean Dupont, Pr\u00e9sident de Greenshelf H\u00e9bergeur du site Le site est h\u00e9berg\u00e9 par OVH2 rue [&hellip;]<\/p>\n","protected":false},"author":1,"featured_media":0,"parent":0,"menu_order":0,"comment_status":"closed","ping_status":"closed","template":"","meta":{"_seopress_robots_primary_cat":"","_seopress_titles_title":"","_seopress_titles_desc":"","_seopress_robots_index":"","footnotes":""},"class_list":["post-1510","page","type-page","status-publish","hentry"],"yoast_head":"<!-- This site is optimized with the Yoast SEO plugin v26.7 - https:\/\/yoast.com\/wordpress\/plugins\/seo\/ -->\n<title>Greenshelf mentions l\u00e9gales<\/title>\n<meta name=\"description\" content=\"Greenshelf mentions l\u00e9gales o\u00f9 vous puvez identifier facilement le responsable du site web, nous agissons en toute transparence\" \/>\n<meta name=\"robots\" content=\"index, follow, max-snippet:-1, max-image-preview:large, max-video-preview:-1\" \/>\n<link rel=\"canonical\" href=\"https:\/\/mmongin.greenshelf.net\/index.php\/greenshelf-mentions-legales\/\" \/>\n<meta property=\"og:locale\" content=\"fr_FR\" \/>\n<meta property=\"og:type\" content=\"article\" \/>\n<meta property=\"og:title\" content=\"Greenshelf mentions l\u00e9gales\" \/>\n<meta property=\"og:description\" content=\"Greenshelf mentions l\u00e9gales o\u00f9 vous puvez identifier facilement le responsable du site web, nous agissons en toute transparence\" \/>\n<meta property=\"og:url\" content=\"https:\/\/mmongin.greenshelf.net\/index.php\/greenshelf-mentions-legales\/\" \/>\n<meta property=\"og:site_name\" content=\"Greenshelf\" \/>\n<meta property=\"article:modified_time\" content=\"2026-01-16T09:20:59+00:00\" \/>\n<meta name=\"twitter:card\" content=\"summary_large_image\" \/>\n<meta name=\"twitter:label1\" content=\"Dur\u00e9e de lecture estim\u00e9e\" \/>\n\t<meta name=\"twitter:data1\" content=\"2 minutes\" \/>\n<script type=\"application\/ld+json\" class=\"yoast-schema-graph\">{\"@context\":\"https:\/\/schema.org\",\"@graph\":[{\"@type\":\"WebPage\",\"@id\":\"https:\/\/mmongin.greenshelf.net\/index.php\/greenshelf-mentions-legales\/\",\"url\":\"https:\/\/mmongin.greenshelf.net\/index.php\/greenshelf-mentions-legales\/\",\"name\":\"Greenshelf mentions l\u00e9gales\",\"isPartOf\":{\"@id\":\"https:\/\/mmongin.greenshelf.net\/#website\"},\"datePublished\":\"2026-01-10T18:04:59+00:00\",\"dateModified\":\"2026-01-16T09:20:59+00:00\",\"description\":\"Greenshelf mentions l\u00e9gales o\u00f9 vous puvez identifier facilement le responsable du site web, nous agissons en toute transparence\",\"breadcrumb\":{\"@id\":\"https:\/\/mmongin.greenshelf.net\/index.php\/greenshelf-mentions-legales\/#breadcrumb\"},\"inLanguage\":\"fr-FR\",\"potentialAction\":[{\"@type\":\"ReadAction\",\"target\":[\"https:\/\/mmongin.greenshelf.net\/index.php\/greenshelf-mentions-legales\/\"]}]},{\"@type\":\"BreadcrumbList\",\"@id\":\"https:\/\/mmongin.greenshelf.net\/index.php\/greenshelf-mentions-legales\/#breadcrumb\",\"itemListElement\":[{\"@type\":\"ListItem\",\"position\":1,\"name\":\"Accueil\",\"item\":\"https:\/\/mmongin.greenshelf.net\/\"},{\"@type\":\"ListItem\",\"position\":2,\"name\":\"Mentions l\u00e9gales\"}]},{\"@type\":\"WebSite\",\"@id\":\"https:\/\/mmongin.greenshelf.net\/#website\",\"url\":\"https:\/\/mmongin.greenshelf.net\/\",\"name\":\"Greenshelf\",\"description\":\"Deviens un anti-gaspi du Turfu !\",\"publisher\":{\"@id\":\"https:\/\/mmongin.greenshelf.net\/#organization\"},\"potentialAction\":[{\"@type\":\"SearchAction\",\"target\":{\"@type\":\"EntryPoint\",\"urlTemplate\":\"https:\/\/mmongin.greenshelf.net\/?s={search_term_string}\"},\"query-input\":{\"@type\":\"PropertyValueSpecification\",\"valueRequired\":true,\"valueName\":\"search_term_string\"}}],\"inLanguage\":\"fr-FR\"},{\"@type\":\"Organization\",\"@id\":\"https:\/\/mmongin.greenshelf.net\/#organization\",\"name\":\"Greenshelf\",\"url\":\"https:\/\/mmongin.greenshelf.net\/\",\"logo\":{\"@type\":\"ImageObject\",\"inLanguage\":\"fr-FR\",\"@id\":\"https:\/\/mmongin.greenshelf.net\/#\/schema\/logo\/image\/\",\"url\":\"https:\/\/mmongin.greenshelf.net\/wp-content\/uploads\/2025\/09\/cropped-Group-1-3.png\",\"contentUrl\":\"https:\/\/mmongin.greenshelf.net\/wp-content\/uploads\/2025\/09\/cropped-Group-1-3.png\",\"width\":306,\"height\":323,\"caption\":\"Greenshelf\"},\"image\":{\"@id\":\"https:\/\/mmongin.greenshelf.net\/#\/schema\/logo\/image\/\"}}]}<\/script>\n<!-- \/ Yoast SEO plugin. -->","yoast_head_json":{"title":"Greenshelf mentions l\u00e9gales","description":"Greenshelf mentions l\u00e9gales o\u00f9 vous puvez identifier facilement le responsable du site web, nous agissons en toute transparence","robots":{"index":"index","follow":"follow","max-snippet":"max-snippet:-1","max-image-preview":"max-image-preview:large","max-video-preview":"max-video-preview:-1"},"canonical":"https:\/\/mmongin.greenshelf.net\/index.php\/greenshelf-mentions-legales\/","og_locale":"fr_FR","og_type":"article","og_title":"Greenshelf mentions l\u00e9gales","og_description":"Greenshelf mentions l\u00e9gales o\u00f9 vous puvez identifier facilement le responsable du site web, nous agissons en toute transparence","og_url":"https:\/\/mmongin.greenshelf.net\/index.php\/greenshelf-mentions-legales\/","og_site_name":"Greenshelf","article_modified_time":"2026-01-16T09:20:59+00:00","twitter_card":"summary_large_image","twitter_misc":{"Dur\u00e9e de lecture estim\u00e9e":"2 minutes"},"schema":{"@context":"https:\/\/schema.org","@graph":[{"@type":"WebPage","@id":"https:\/\/mmongin.greenshelf.net\/index.php\/greenshelf-mentions-legales\/","url":"https:\/\/mmongin.greenshelf.net\/index.php\/greenshelf-mentions-legales\/","name":"Greenshelf mentions l\u00e9gales","isPartOf":{"@id":"https:\/\/mmongin.greenshelf.net\/#website"},"datePublished":"2026-01-10T18:04:59+00:00","dateModified":"2026-01-16T09:20:59+00:00","description":"Greenshelf mentions l\u00e9gales o\u00f9 vous puvez identifier facilement le responsable du site web, nous agissons en toute transparence","breadcrumb":{"@id":"https:\/\/mmongin.greenshelf.net\/index.php\/greenshelf-mentions-legales\/#breadcrumb"},"inLanguage":"fr-FR","potentialAction":[{"@type":"ReadAction","target":["https:\/\/mmongin.greenshelf.net\/index.php\/greenshelf-mentions-legales\/"]}]},{"@type":"BreadcrumbList","@id":"https:\/\/mmongin.greenshelf.net\/index.php\/greenshelf-mentions-legales\/#breadcrumb","itemListElement":[{"@type":"ListItem","position":1,"name":"Accueil","item":"https:\/\/mmongin.greenshelf.net\/"},{"@type":"ListItem","position":2,"name":"Mentions l\u00e9gales"}]},{"@type":"WebSite","@id":"https:\/\/mmongin.greenshelf.net\/#website","url":"https:\/\/mmongin.greenshelf.net\/","name":"Greenshelf","description":"Deviens un anti-gaspi du Turfu !","publisher":{"@id":"https:\/\/mmongin.greenshelf.net\/#organization"},"potentialAction":[{"@type":"SearchAction","target":{"@type":"EntryPoint","urlTemplate":"https:\/\/mmongin.greenshelf.net\/?s={search_term_string}"},"query-input":{"@type":"PropertyValueSpecification","valueRequired":true,"valueName":"search_term_string"}}],"inLanguage":"fr-FR"},{"@type":"Organization","@id":"https:\/\/mmongin.greenshelf.net\/#organization","name":"Greenshelf","url":"https:\/\/mmongin.greenshelf.net\/","logo":{"@type":"ImageObject","inLanguage":"fr-FR","@id":"https:\/\/mmongin.greenshelf.net\/#\/schema\/logo\/image\/","url":"https:\/\/mmongin.greenshelf.net\/wp-content\/uploads\/2025\/09\/cropped-Group-1-3.png","contentUrl":"https:\/\/mmongin.greenshelf.net\/wp-content\/uploads\/2025\/09\/cropped-Group-1-3.png","width":306,"height":323,"caption":"Greenshelf"},"image":{"@id":"https:\/\/mmongin.greenshelf.net\/#\/schema\/logo\/image\/"}}]}},"_links":{"self":[{"href":"https:\/\/mmongin.greenshelf.net\/index.php\/wp-json\/wp\/v2\/pages\/1510","targetHints":{"allow":["GET"]}}],"collection":[{"href":"https:\/\/mmongin.greenshelf.net\/index.php\/wp-json\/wp\/v2\/pages"}],"about":[{"href":"https:\/\/mmongin.greenshelf.net\/index.php\/wp-json\/wp\/v2\/types\/page"}],"author":[{"embeddable":true,"href":"https:\/\/mmongin.greenshelf.net\/index.php\/wp-json\/wp\/v2\/users\/1"}],"replies":[{"embeddable":true,"href":"https:\/\/mmongin.greenshelf.net\/index.php\/wp-json\/wp\/v2\/comments?post=1510"}],"version-history":[{"count":7,"href":"https:\/\/mmongin.greenshelf.net\/index.php\/wp-json\/wp\/v2\/pages\/1510\/revisions"}],"predecessor-version":[{"id":1566,"href":"https:\/\/mmongin.greenshelf.net\/index.php\/wp-json\/wp\/v2\/pages\/1510\/revisions\/1566"}],"wp:attachment":[{"href":"https:\/\/mmongin.greenshelf.net\/index.php\/wp-json\/wp\/v2\/media?parent=1510"}],"curies":[{"name":"wp","href":"https:\/\/api.w.org\/{rel}","templated":true}]}}